{"id":10966,"date":"2023-01-30T23:43:27","date_gmt":"2023-01-30T22:43:27","guid":{"rendered":"https:\/\/ada-corporate.scalecommerce.cloud\/contact\/"},"modified":"2023-07-14T14:04:59","modified_gmt":"2023-07-14T12:04:59","slug":"contact","status":"publish","type":"page","link":"https:\/\/ada-equiphotel.clients.bluedom.ch\/fr\/contact\/","title":{"rendered":"Contact"},"content":{"rendered":"\n<div class=\"wpcf7 no-js\" id=\"wpcf7-f13019-o1\" lang=\"fr-FR\" dir=\"ltr\">\n<div class=\"screen-reader-response\"><p role=\"status\" aria-live=\"polite\" aria-atomic=\"true\"><\/p> <ul><\/ul><\/div>\n<form action=\"\/fr\/wp-json\/wp\/v2\/pages\/10966#wpcf7-f13019-o1\" method=\"post\" class=\"wpcf7-form init\" aria-label=\"Formulaire de contact\" novalidate=\"novalidate\" data-status=\"init\">\n<div style=\"display: none;\">\n<input type=\"hidden\" name=\"_wpcf7\" value=\"13019\" \/>\n<input type=\"hidden\" name=\"_wpcf7_version\" value=\"5.9.8\" \/>\n<input type=\"hidden\" name=\"_wpcf7_locale\" value=\"fr_FR\" \/>\n<input type=\"hidden\" name=\"_wpcf7_unit_tag\" value=\"wpcf7-f13019-o1\" \/>\n<input type=\"hidden\" name=\"_wpcf7_container_post\" value=\"0\" \/>\n<input type=\"hidden\" name=\"_wpcf7_posted_data_hash\" value=\"\" \/>\n<\/div>\n<div class=\"form contact-form\">\n\t<div class=\"form__col\">\n\t\t<p><label>Pays*<\/label><span class=\"wpcf7-form-control-wrap\" data-name=\"selected-country\"><select class=\"wpcf7-form-control wpcf7-select wpcf7-validates-as-required styled-select\" aria-required=\"true\" aria-invalid=\"false\" name=\"selected-country\"><option value=\"\">&#8212;Veuillez choisir une option&#8212;<\/option><option value=\"United States\">United States<\/option><option value=\"Canada\">Canada<\/option><option value=\"United Kingdom\">United Kingdom<\/option><option value=\"Albania\">Albania<\/option><option value=\"Australia\">Australia<\/option><option value=\"Austria\">Austria<\/option><option value=\"Azerbaijan\">Azerbaijan<\/option><option value=\"Bahrain\">Bahrain<\/option><option value=\"Belgium\">Belgium<\/option><option value=\"Bosnia and Herzegovina\">Bosnia and Herzegovina<\/option><option value=\"Bulgaria\">Bulgaria<\/option><option value=\"Cambodia\">Cambodia<\/option><option value=\"Central African Republic\">Central African Republic<\/option><option value=\"China\">China<\/option><option value=\"Croatia\">Croatia<\/option><option value=\"Cyprus\">Cyprus<\/option><option value=\"Czech Republic\">Czech Republic<\/option><option value=\"Denmark\">Denmark<\/option><option value=\"Egypt\">Egypt<\/option><option value=\"Estonia\">Estonia<\/option><option value=\"Finland\">Finland<\/option><option value=\"France\">France<\/option><option value=\"Germany\">Germany<\/option><option value=\"Greece\">Greece<\/option><option value=\"Hong Kong\">Hong Kong<\/option><option value=\"Hungary\">Hungary<\/option><option value=\"India\">India<\/option><option value=\"Indonesia\">Indonesia<\/option><option value=\"Iraq\">Iraq<\/option><option value=\"Ireland\">Ireland<\/option><option value=\"Israel\">Israel<\/option><option value=\"Italy\">Italy<\/option><option value=\"Japan\">Japan<\/option><option value=\"Kuwait\">Kuwait<\/option><option value=\"Latvia\">Latvia<\/option><option value=\"Lebanon\">Lebanon<\/option><option value=\"Lithuania\">Lithuania<\/option><option value=\"Luxembourg\">Luxembourg<\/option><option value=\"Macao\">Macao<\/option><option value=\"Macedonia\">Macedonia<\/option><option value=\"Malaysia\">Malaysia<\/option><option value=\"Maldives\">Maldives<\/option><option value=\"Malta\">Malta<\/option><option value=\"Moldova\">Moldova<\/option><option value=\"Montenegro\">Montenegro<\/option><option value=\"Netherlands\">Netherlands<\/option><option value=\"Norway\">Norway<\/option><option value=\"Oman\">Oman<\/option><option value=\"Pakistan\">Pakistan<\/option><option value=\"Poland\">Poland<\/option><option value=\"Portugal\">Portugal<\/option><option value=\"Qatar\">Qatar<\/option><option value=\"Romania\">Romania<\/option><option value=\"Russian Federation\">Russian Federation<\/option><option value=\"Saudi Arabia\">Saudi Arabia<\/option><option value=\"Serbia\">Serbia<\/option><option value=\"Seychelles\">Seychelles<\/option><option value=\"South Corea\">South Corea<\/option><option value=\"Singapore\">Singapore<\/option><option value=\"Slovakia\">Slovakia<\/option><option value=\"Slovenia\">Slovenia<\/option><option value=\"South Africa\">South Africa<\/option><option value=\"Spain\">Spain<\/option><option value=\"Sri Lanka\">Sri Lanka<\/option><option value=\"Sweden\">Sweden<\/option><option value=\"Switzerland\">Switzerland<\/option><option value=\"Thailand\">Thailand<\/option><option value=\"Turkey\">Turkey<\/option><option value=\"Ukraine\">Ukraine<\/option><option value=\"United Arab Emirates\">United Arab Emirates<\/option><option value=\"Vietnam\">Vietnam<\/option><option value=\"Other\">Other<\/option><\/select><\/span>\n\t\t<\/p>\n\t<\/div>\n\t<div class=\"form__col other-country-field\">\n\t\t<p><label>Autre pays<\/label><span class=\"wpcf7-form-control-wrap\" data-name=\"other-country\"><input size=\"40\" maxlength=\"400\" class=\"wpcf7-form-control wpcf7-text\" aria-invalid=\"false\" value=\"\" type=\"text\" name=\"other-country\" \/><\/span>\n\t\t<\/p>\n\t<\/div>\n\t<div class=\"form__col\">\n\t\t<p><label>E-Mail<\/label><span class=\"wpcf7-form-control-wrap\" data-name=\"your-email\"><input size=\"40\" maxlength=\"400\" class=\"wpcf7-form-control wpcf7-email wpcf7-validates-as-required wpcf7-text wpcf7-validates-as-email\" aria-required=\"true\" aria-invalid=\"false\" value=\"\" type=\"email\" name=\"your-email\" \/><\/span>\n\t\t<\/p>\n\t<\/div>\n\t<div class=\"form__col\">\n\t\t<p><label>Pr\u00e9nom*<\/label><span class=\"wpcf7-form-control-wrap\" data-name=\"first-name\"><input size=\"40\" maxlength=\"400\" class=\"wpcf7-form-control wpcf7-text wpcf7-validates-as-required\" aria-required=\"true\" aria-invalid=\"false\" value=\"\" type=\"text\" name=\"first-name\" \/><\/span>\n\t\t<\/p>\n\t<\/div>\n\t<div class=\"form__col\">\n\t\t<p><label>Nom de famille*<\/label><span class=\"wpcf7-form-control-wrap\" data-name=\"last-name\"><input size=\"40\" maxlength=\"400\" class=\"wpcf7-form-control wpcf7-text wpcf7-validates-as-required\" aria-required=\"true\" aria-invalid=\"false\" value=\"\" type=\"text\" name=\"last-name\" \/><\/span>\n\t\t<\/p>\n\t<\/div>\n\t<div class=\"form__col\">\n\t\t<p><label>Company*<\/label><span class=\"wpcf7-form-control-wrap\" data-name=\"your-company\"><input size=\"40\" maxlength=\"400\" class=\"wpcf7-form-control wpcf7-text wpcf7-validates-as-required\" aria-required=\"true\" aria-invalid=\"false\" value=\"\" type=\"text\" name=\"your-company\" \/><\/span>\n\t\t<\/p>\n\t<\/div>\n\t<div class=\"form__col\">\n\t\t<p><label>Rue \/ N\u00b0<\/label><span class=\"wpcf7-form-control-wrap\" data-name=\"your-street\"><input size=\"40\" maxlength=\"400\" class=\"wpcf7-form-control wpcf7-text\" aria-invalid=\"false\" value=\"\" type=\"text\" name=\"your-street\" \/><\/span>\n\t\t<\/p>\n\t<\/div>\n\t<div class=\"form__col\">\n\t\t<p><label>Code postal<\/label><span class=\"wpcf7-form-control-wrap\" data-name=\"your-zip\"><input size=\"40\" maxlength=\"400\" class=\"wpcf7-form-control wpcf7-text\" aria-invalid=\"false\" value=\"\" type=\"text\" name=\"your-zip\" \/><\/span>\n\t\t<\/p>\n\t<\/div>\n\t<div class=\"form__col\">\n\t\t<p><label>Ville<\/label><span class=\"wpcf7-form-control-wrap\" data-name=\"your-city\"><input size=\"40\" maxlength=\"400\" class=\"wpcf7-form-control wpcf7-text\" aria-invalid=\"false\" value=\"\" type=\"text\" name=\"your-city\" \/><\/span>\n\t\t<\/p>\n\t<\/div>\n\t<div class=\"form__col\">\n\t\t<p><label>Position<\/label><span class=\"wpcf7-form-control-wrap\" data-name=\"your-position\"><input size=\"40\" maxlength=\"400\" class=\"wpcf7-form-control wpcf7-text\" aria-invalid=\"false\" value=\"\" type=\"text\" name=\"your-position\" \/><\/span>\n\t\t<\/p>\n\t<\/div>\n\t<div class=\"form__col\">\n\t\t<p><label>T\u00e9l\u00e9phone<\/label><span class=\"wpcf7-form-control-wrap\" data-name=\"your-phone\"><input size=\"40\" maxlength=\"400\" class=\"wpcf7-form-control wpcf7-tel wpcf7-text wpcf7-validates-as-tel\" aria-invalid=\"false\" value=\"\" type=\"tel\" name=\"your-phone\" \/><\/span>\n\t\t<\/p>\n\t<\/div>\n\t<div class=\"clear\">\n\t<\/div>\n\t<div class=\"form__block\">\n\t\t<p><label>Votre message<\/label><span class=\"wpcf7-form-control-wrap\" data-name=\"your-message\"><textarea cols=\"40\" rows=\"10\" maxlength=\"2000\" class=\"wpcf7-form-control wpcf7-textarea\" aria-invalid=\"false\" name=\"your-message\"><\/textarea><\/span>\n\t\t<\/p>\n\t\t<p class=\"pp\"><span class=\"wpcf7-form-control-wrap\" data-name=\"checkbox-745\"><span class=\"wpcf7-form-control wpcf7-checkbox wpcf7-validates-as-required styled\"><span class=\"wpcf7-list-item first last\"><label><input type=\"checkbox\" name=\"checkbox-745[]\" value=\"Politique de confidentialit\u00e9*\" \/><span class=\"wpcf7-list-item-label\">Politique de confidentialit\u00e9*<\/span><\/label><\/span><\/span><\/span> Oui, j'ai pris connaissance de la <a href=\"https:\/\/ada-equiphotel.clients.bluedom.ch\/fr\/privacy-policy\/\">d\u00e9claration de protection<\/a> des donn\u00e9es de ce site et j'accepte express\u00e9ment que les donn\u00e9es que j'ai fournies soient collect\u00e9es et enregistr\u00e9es par voie \u00e9lectronique. Mes donn\u00e9es ne seront utilis\u00e9es que dans un but strictement limit\u00e9 au traitement et \u00e0 la r\u00e9ponse \u00e0 ma demande ! Remarque : vous pouvez \u00e0 tout moment r\u00e9voquer votre consentement pour l'avenir en envoyant un e-mail \u00e0 <a href=\"mailto:info@ada-equiphotel.clients.bluedom.ch\">info@ada-equiphotel.clients.bluedom.ch<\/a>.\n\t\t<\/p>\n\t<div class=\"wpcf7-response-output\" aria-hidden=\"true\"><\/div>\n\t\t<p class=\"submit\"><input class=\"wpcf7-form-control wpcf7-submit has-spinner button\" type=\"submit\" value=\"Envoyer\" \/>\n\t\t<\/p>\n\t<\/div>\n<\/div>\n<\/form>\n<\/div>\n\n","protected":false},"excerpt":{"rendered":"","protected":false},"author":2,"featured_media":17465,"parent":0,"menu_order":0,"comment_status":"closed","ping_status":"closed","template":"page-templates\/contact-page.php","meta":{"_acf_changed":false,"footnotes":""},"class_list":["post-10966","page","type-page","status-publish","has-post-thumbnail","hentry","has_thumb"],"acf":[],"_links":{"self":[{"href":"https:\/\/ada-equiphotel.clients.bluedom.ch\/fr\/wp-json\/wp\/v2\/pages\/10966"}],"collection":[{"href":"https:\/\/ada-equiphotel.clients.bluedom.ch\/fr\/wp-json\/wp\/v2\/pages"}],"about":[{"href":"https:\/\/ada-equiphotel.clients.bluedom.ch\/fr\/wp-json\/wp\/v2\/types\/page"}],"author":[{"embeddable":true,"href":"https:\/\/ada-equiphotel.clients.bluedom.ch\/fr\/wp-json\/wp\/v2\/users\/2"}],"replies":[{"embeddable":true,"href":"https:\/\/ada-equiphotel.clients.bluedom.ch\/fr\/wp-json\/wp\/v2\/comments?post=10966"}],"version-history":[{"count":4,"href":"https:\/\/ada-equiphotel.clients.bluedom.ch\/fr\/wp-json\/wp\/v2\/pages\/10966\/revisions"}],"predecessor-version":[{"id":13149,"href":"https:\/\/ada-equiphotel.clients.bluedom.ch\/fr\/wp-json\/wp\/v2\/pages\/10966\/revisions\/13149"}],"wp:featuredmedia":[{"embeddable":true,"href":"https:\/\/ada-equiphotel.clients.bluedom.ch\/fr\/wp-json\/wp\/v2\/media\/17465"}],"wp:attachment":[{"href":"https:\/\/ada-equiphotel.clients.bluedom.ch\/fr\/wp-json\/wp\/v2\/media?parent=10966"}],"curies":[{"name":"wp","href":"https:\/\/api.w.org\/{rel}","templated":true}]}}